{"id":3135,"date":"2014-08-11T21:52:58","date_gmt":"2014-08-11T21:52:58","guid":{"rendered":"http:\/\/www.plugsom.com.br\/web\/?page_id=3135"},"modified":"2014-09-17T13:12:41","modified_gmt":"2014-09-17T16:12:41","slug":"quem-somos","status":"publish","type":"page","link":"http:\/\/www.plugsom.com.br\/web\/quem-somos\/","title":{"rendered":"Quem Somos"},"content":{"rendered":"<p><img loading=\"lazy\" decoding=\"async\" width=\"603\" height=\"169\" class=\"aligncenter size-full wp-image-3367\" src=\"http:\/\/www.plugsom.com.br\/web\/wp-content\/uploads\/2014\/08\/logo_quemsomos.png\" alt=\"logo_quemsomos\" srcset=\"http:\/\/www.plugsom.com.br\/web\/wp-content\/uploads\/2014\/08\/logo_quemsomos.png 603w, http:\/\/www.plugsom.com.br\/web\/wp-content\/uploads\/2014\/08\/logo_quemsomos-300x84.png 300w, http:\/\/www.plugsom.com.br\/web\/wp-content\/uploads\/2014\/08\/logo_quemsomos-592x165.png 592w\" sizes=\"auto, (max-width: 603px) 100vw, 603px\" \/><\/p>\n<p style=\"text-align: justify;\">Em 1995, na cidade de Gravata\u00ed era inaugurada a Plug, empresa de presta\u00e7\u00e3o de servi\u00e7os de sonoriza\u00e7\u00e3o, ilumina\u00e7\u00e3o e v\u00eddeo para eventos.<\/p>\n<p>Sempre focada no que h\u00e1 de mais moderno e din\u00e2mico, em servi\u00e7os e equipamentos.<\/p>\n<p style=\"text-align: justify;\">Atualmente a Plug Som atua em eventos corporativos, sociais, shows e nas principais casas de entretenimento do Rio Grande do Sul, fornecendo servi\u00e7os completos de sonoriza\u00e7\u00e3o , ilumina\u00e7\u00e3o, pain\u00e9is de led e proje\u00e7\u00e3o.<\/p>\n<blockquote>\n<p style=\"text-align: justify;\">\u201cCada cliente tem uma expectativa, uma historia, um desejo, e cabe a n\u00f3s entender este sentimento e colocar em pratica, com equipamentos de alta tecnologia e servi\u00e7os prestados com muito dinamismo e carinho\u201d. <em><strong>Alex Heinze &#8211; Diretor<\/strong><\/em><\/p>\n<\/blockquote>\n<p style=\"text-align: justify;\"><em><strong>V\u00eddeo Plug Som Intro<\/strong><\/em><\/p>\n<p><iframe loading=\"lazy\" title=\"PlugSom\" width=\"592\" height=\"333\" src=\"https:\/\/www.youtube.com\/embed\/2UUXv9pzCec?feature=oembed\" frameborder=\"0\" allow=\"accelerometer; autoplay; clipboard-write; encrypted-media; gyroscope; picture-in-picture; web-share\" referrerpolicy=\"strict-origin-when-cross-origin\" allowfullscreen><\/iframe><\/p>\n<p style=\"text-align: justify;\">\n","protected":false},"excerpt":{"rendered":"<p>Em 1995, na cidade de Gravata\u00ed era inaugurada a Plug, empresa de presta\u00e7\u00e3o de servi\u00e7os de sonoriza\u00e7\u00e3o, ilumina\u00e7\u00e3o e v\u00eddeo para eventos. Sempre focada no que h\u00e1 de mais moderno e din\u00e2mico, em servi\u00e7os e equipamentos. Atualmente a Plug Som atua em eventos corporativos, sociais, shows e nas principais casas de entretenimento do Rio Grande [&hellip;]<\/p>\n","protected":false},"author":1,"featured_media":0,"parent":0,"menu_order":0,"comment_status":"open","ping_status":"open","template":"","meta":{"footnotes":""},"class_list":["post-3135","page","type-page","status-publish","hentry"],"aioseo_notices":[],"_links":{"self":[{"href":"http:\/\/www.plugsom.com.br\/web\/wp-json\/wp\/v2\/pages\/3135","targetHints":{"allow":["GET"]}}],"collection":[{"href":"http:\/\/www.plugsom.com.br\/web\/wp-json\/wp\/v2\/pages"}],"about":[{"href":"http:\/\/www.plugsom.com.br\/web\/wp-json\/wp\/v2\/types\/page"}],"author":[{"embeddable":true,"href":"http:\/\/www.plugsom.com.br\/web\/wp-json\/wp\/v2\/users\/1"}],"replies":[{"embeddable":true,"href":"http:\/\/www.plugsom.com.br\/web\/wp-json\/wp\/v2\/comments?post=3135"}],"version-history":[{"count":12,"href":"http:\/\/www.plugsom.com.br\/web\/wp-json\/wp\/v2\/pages\/3135\/revisions"}],"predecessor-version":[{"id":3377,"href":"http:\/\/www.plugsom.com.br\/web\/wp-json\/wp\/v2\/pages\/3135\/revisions\/3377"}],"wp:attachment":[{"href":"http:\/\/www.plugsom.com.br\/web\/wp-json\/wp\/v2\/media?parent=3135"}],"curies":[{"name":"wp","href":"https:\/\/api.w.org\/{rel}","templated":true}]}}